{"id":9711,"date":"2026-03-13T05:22:15","date_gmt":"2026-03-13T05:22:15","guid":{"rendered":"https:\/\/roboticpolishingtech.com\/?post_type=product&#038;p=9711"},"modified":"2026-03-18T08:41:55","modified_gmt":"2026-03-18T08:41:55","slug":"compact-robotic-finishing-system","status":"publish","type":"product","link":"https:\/\/roboticpolishingtech.com\/de\/produkt\/compact-robotic-finishing-system\/","title":{"rendered":"LRMC-800T Kompaktes Roboter-Finishing-System"},"content":{"rendered":"<h2>Produkt Detail<\/h2>\n<ul>\n<li>Sicherheit und Umwelt: Es ist der Wasservorhang Staubentfernung System und die Wasserstoffkonzentration Detektor installiert. Es gibt ganze Gusseisen Basis und unabh\u00e4ngigen Raum f\u00fcr den Schutz.<\/li>\n<li>Maschinenautomatisierung zur Reduzierung der Arbeitskosten und Verbesserung der Arbeitseffizienz: Es ist der Fanuc-Roboter installiert, 3D visuelle Lokalisierung oder 2D visuelle Erkennung von Fehlern. Arbeiter setzen die Schleifen Teile auf Material F\u00f6rderband und dann Roboter f\u00e4ngt Werkst\u00fcck ungeordnet.<\/li>\n<li>Entsprechend der Produkttechnologie des Kunden wurden die Rotationsbandschleifmaschine und die Gleitschleifmaschine zum Schleifen der Grate von Aluminiumdruckgusswerkst\u00fccken installiert. Das Produkt wird mit hoher Pr\u00e4zision fein poliert und die Polierqualit\u00e4t ist stabil.<\/li>\n<li>Sie kann Produkte aus Aluminium, Zink, Kupfer, Eisen und Edelstahl schleifen und polieren. Sie eignet sich f\u00fcr die Automobilteileindustrie, Fahrradrahmen, intelligente T\u00fcrschl\u00f6sser und Haushaltslampen.<\/li>\n<\/ul>\n<h2><strong>Technische Parameter<\/strong><\/h2>\n<p>&nbsp;<\/p>\n<table width=\"100%\">\n<tbody>\n<tr>\n<td width=\"50%\">&nbsp;<\/p>\n<p><strong>Dimesion der Ausr\u00fcstung<\/strong><\/td>\n<td width=\"50%\">3550*2200*2250MM<\/td>\n<\/tr>\n<tr>\n<td><strong>Gesamtgewicht der Ausr\u00fcstung<\/strong><\/td>\n<td>5500KGS<\/td>\n<\/tr>\n<tr>\n<td><strong>Geeignete Gussproduktgr\u00f6\u00dfe<\/strong><\/td>\n<td>500*400*200MM<\/td>\n<\/tr>\n<tr>\n<td><strong>Nennspannung<\/strong><\/td>\n<td>380V<\/td>\n<\/tr>\n<tr>\n<td><strong>Nennleistung<\/strong><\/td>\n<td>13KW<\/td>\n<\/tr>\n<tr>\n<td><strong>Nennstrom<\/strong><\/td>\n<td>34A<\/td>\n<\/tr>\n<\/tbody>\n<\/table>\n<h2>Optionale Kits<\/h2>\n<table width=\"509\">\n<tbody>\n<tr>\n<td width=\"234\">Pneumatisches Steuersystem<\/td>\n<td width=\"275\">AIRTAC\/SMC\/Festo<\/td>\n<\/tr>\n<tr>\n<td>Elektrisches Kontrollsystem<\/td>\n<td>INOVANCE\/SIEMENS<\/td>\n<\/tr>\n<tr>\n<td>Industrieroboter<\/td>\n<td>FANUC M-20id12\/ 25\/ 35<\/td>\n<\/tr>\n<tr>\n<td rowspan=\"5\" width=\"234\">Maschinen, die f\u00fcr die Kombination entsprechend dem Produktprozess ausgew\u00e4hlt wurden.<\/td>\n<td>Rotierende Bandschleifmaschine<\/td>\n<\/tr>\n<tr>\n<td>Vibrationsschleifmaschine<\/td>\n<\/tr>\n<tr>\n<td>Werkzeugmagazin-Maschine<\/td>\n<\/tr>\n<tr>\n<td>Poliermaschine<\/td>\n<\/tr>\n<tr>\n<td>B\u00fcrsten-Glanz-Maschine<\/td>\n<\/tr>\n<\/tbody>\n<\/table>\n<p>&nbsp;<\/p>","protected":false},"excerpt":{"rendered":"<p>Product Detail Safety and Enviroment: It\u2019s installed the water curtain dust removal system and the hydrogen concentration detector. There are whole cast iron base and independent room for protection. Machine Automation to reduce labor cost and improve the working efficiency: It\u2019s installed the fanuc robot , 3D visual localization or 2D visual blemish detection. Workers [&hellip;]<\/p>\n","protected":false},"featured_media":9714,"template":"","meta":{"site-sidebar-layout":"default","site-content-layout":"","ast-site-content-layout":"default","site-content-style":"default","site-sidebar-style":"default","ast-global-header-display":"","ast-banner-title-visibility":"","ast-main-header-display":"","ast-hfb-above-header-display":"","ast-hfb-below-header-display":"","ast-hfb-mobile-header-display":"","site-post-title":"","ast-breadcrumbs-content":"","ast-featured-img":"","footer-sml-layout":"","theme-transparent-header-meta":"default","adv-header-id-meta":"","stick-header-meta":"default","header-above-stick-meta":"","header-main-stick-meta":"","header-below-stick-meta":"","astra-migrate-meta-layouts":"set","ast-page-background-enabled":"default","ast-page-background-meta":{"desktop":{"background-color":"","background-image":"","background-repeat":"repeat","background-position":"center center","background-size":"auto","background-attachment":"scroll","background-type":"","background-media":"","overlay-type":"","overlay-color":"","overlay-opacity":"","overlay-gradient":""},"tablet":{"background-color":"","background-image":"","background-repeat":"repeat","background-position":"center center","background-size":"auto","background-attachment":"scroll","background-type":"","background-media":"","overlay-type":"","overlay-color":"","overlay-opacity":"","overlay-gradient":""},"mobile":{"background-color":"","background-image":"","background-repeat":"repeat","background-position":"center center","background-size":"auto","background-attachment":"scroll","background-type":"","background-media":"","overlay-type":"","overlay-color":"","overlay-opacity":"","overlay-gradient":""}},"ast-content-background-meta":{"desktop":{"background-color":"var(--ast-global-color-5)","background-image":"","background-repeat":"repeat","background-position":"center center","background-size":"auto","background-attachment":"scroll","background-type":"","background-media":"","overlay-type":"","overlay-color":"","overlay-opacity":"","overlay-gradient":""},"tablet":{"background-color":"var(--ast-global-color-5)","background-image":"","background-repeat":"repeat","background-position":"center center","background-size":"auto","background-attachment":"scroll","background-type":"","background-media":"","overlay-type":"","overlay-color":"","overlay-opacity":"","overlay-gradient":""},"mobile":{"background-color":"var(--ast-global-color-5)","background-image":"","background-repeat":"repeat","background-position":"center center","background-size":"auto","background-attachment":"scroll","background-type":"","background-media":"","overlay-type":"","overlay-color":"","overlay-opacity":"","overlay-gradient":""}}},"product_brand":[],"product_cat":[50],"product_tag":[],"class_list":{"0":"post-9711","1":"product","2":"type-product","3":"status-publish","4":"has-post-thumbnail","6":"product_cat-robotic","7":"desktop-align-left","8":"tablet-align-left","9":"mobile-align-left","10":"ast-product-gallery-layout-horizontal-slider","11":"ast-product-gallery-with-no-image","12":"ast-product-tabs-layout-horizontal","14":"first","15":"instock","16":"shipping-taxable","17":"product-type-simple"},"_links":{"self":[{"href":"https:\/\/roboticpolishingtech.com\/de\/wp-json\/wp\/v2\/product\/9711","targetHints":{"allow":["GET"]}}],"collection":[{"href":"https:\/\/roboticpolishingtech.com\/de\/wp-json\/wp\/v2\/product"}],"about":[{"href":"https:\/\/roboticpolishingtech.com\/de\/wp-json\/wp\/v2\/types\/product"}],"wp:featuredmedia":[{"embeddable":true,"href":"https:\/\/roboticpolishingtech.com\/de\/wp-json\/wp\/v2\/media\/9714"}],"wp:attachment":[{"href":"https:\/\/roboticpolishingtech.com\/de\/wp-json\/wp\/v2\/media?parent=9711"}],"wp:term":[{"taxonomy":"product_brand","embeddable":true,"href":"https:\/\/roboticpolishingtech.com\/de\/wp-json\/wp\/v2\/product_brand?post=9711"},{"taxonomy":"product_cat","embeddable":true,"href":"https:\/\/roboticpolishingtech.com\/de\/wp-json\/wp\/v2\/product_cat?post=9711"},{"taxonomy":"product_tag","embeddable":true,"href":"https:\/\/roboticpolishingtech.com\/de\/wp-json\/wp\/v2\/product_tag?post=9711"}],"curies":[{"name":"wp","href":"https:\/\/api.w.org\/{rel}","templated":true}]}}