{"id":9716,"date":"2026-03-13T05:31:45","date_gmt":"2026-03-13T05:31:45","guid":{"rendered":"https:\/\/roboticpolishingtech.com\/?post_type=product&#038;p=9716"},"modified":"2026-03-18T08:41:44","modified_gmt":"2026-03-18T08:41:44","slug":"robotic-multi-process-finishing-cell","status":"publish","type":"product","link":"https:\/\/roboticpolishingtech.com\/fr\/produit\/robotic-multi-process-finishing-cell\/","title":{"rendered":"Cellule de finition robotis\u00e9e multi-proc\u00e9d\u00e9s LRMC-2000T-B"},"content":{"rendered":"<h2>D\u00e9tail du produit<\/h2>\n<ul>\n<li>Elle a install\u00e9 quatre machines \u00e0 brosser rotatives pour donner plus d'\u00e9clat aux produits moul\u00e9s sous pression en aluminium.<\/li>\n<li>L'automatisation des machines permet de r\u00e9duire les co\u00fbts de main-d'\u0153uvre et d'am\u00e9liorer l'efficacit\u00e9 du travail : Le robot fanuc est install\u00e9, avec localisation visuelle en 3D ou d\u00e9tection visuelle des d\u00e9fauts en 2D. Les ouvriers placent les pi\u00e8ces \u00e0 meuler sur le tapis roulant et le robot attrape les pi\u00e8ces d\u00e9sordonn\u00e9es.<\/li>\n<li>S\u00e9curit\u00e9 et environnement : La machine est \u00e9quip\u00e9e d'une base en fonte et d'une pi\u00e8ce ind\u00e9pendante. Il est \u00e9quip\u00e9 d'un d\u00e9tecteur de concentration d'hydrog\u00e8ne et d'un syst\u00e8me de surveillance de la concentration de poussi\u00e8re pour r\u00e9pondre aux exigences en mati\u00e8re d'environnement.<\/li>\n<li>Il peut meuler et polir les produits en aluminium, zinc, cuivre, fer, acier inoxydable, pour l'industrie des pi\u00e8ces automobiles, les cadres de bicyclettes, les serrures de portes intelligentes et les lampes domestiques.<\/li>\n<\/ul>\n<h2><strong>Param\u00e8tres techniques<\/strong><\/h2>\n<table width=\"100%\">\n<tbody>\n<tr>\n<td width=\"50%\"><strong>Diminution de l'\u00e9quipement<\/strong><\/td>\n<td width=\"50%\">4100*2600*2650MM<\/td>\n<\/tr>\n<tr>\n<td><strong>Poids total de l'\u00e9quipement<\/strong><\/td>\n<td>5800KGS<\/td>\n<\/tr>\n<tr>\n<td><strong>Taille du produit de coul\u00e9e adapt\u00e9e<\/strong><\/td>\n<td>500*700*200MM<\/td>\n<\/tr>\n<tr>\n<td><strong>Tension nominale<\/strong><\/td>\n<td>380V<\/td>\n<\/tr>\n<tr>\n<td><strong>Puissance nominale<\/strong><\/td>\n<td>18KW<\/td>\n<\/tr>\n<tr>\n<td><strong>Courant nominal<\/strong><\/td>\n<td>47A<\/td>\n<\/tr>\n<\/tbody>\n<\/table>\n<p>&nbsp;<\/p>\n<h2>Kits optionnels<\/h2>\n<table width=\"486\">\n<tbody>\n<tr>\n<td width=\"214\"><strong>Syst\u00e8me de contr\u00f4le pneumatique<\/strong><\/td>\n<td width=\"272\">AIRTAC\/SMC\/Festo<\/td>\n<\/tr>\n<tr>\n<td><strong>Syst\u00e8me de contr\u00f4le \u00e9lectrique<\/strong><\/td>\n<td>INOVANCE\/SIEMENS<\/td>\n<\/tr>\n<tr>\n<td><strong>Robot industriel<\/strong><\/td>\n<td>FANUC M-710ic50\/70<\/td>\n<\/tr>\n<tr>\n<td rowspan=\"5\" width=\"214\"><strong>Machines s\u00e9lectionn\u00e9es pour \u00eatre combin\u00e9es en fonction du processus de production.<\/strong><\/td>\n<td>Ponceuse \u00e0 bande rotative<\/td>\n<\/tr>\n<tr>\n<td>Machine de broyage par vibration<\/td>\n<\/tr>\n<tr>\n<td>Magasin d'outils<\/td>\n<\/tr>\n<tr>\n<td>Machine \u00e0 polir<\/td>\n<\/tr>\n<tr>\n<td>Machine \u00e0 brosser et \u00e0 faire briller<\/td>\n<\/tr>\n<\/tbody>\n<\/table>\n<p>&nbsp;<\/p>","protected":false},"excerpt":{"rendered":"<p>Product Detail It installed four rotary brushing shining machines to let aluminum die-casting products more brightness. Machine Automation to reduce labor cost and improve the working efficiency: It\u2019s installed the fanuc robot , 3D visual localization or 2D visual blemish detection. Workers put the grinding parts on material conveyor belt and robot catches workpiece disorderly. [&hellip;]<\/p>\n","protected":false},"featured_media":9718,"template":"","meta":{"site-sidebar-layout":"default","site-content-layout":"","ast-site-content-layout":"default","site-content-style":"default","site-sidebar-style":"default","ast-global-header-display":"","ast-banner-title-visibility":"","ast-main-header-display":"","ast-hfb-above-header-display":"","ast-hfb-below-header-display":"","ast-hfb-mobile-header-display":"","site-post-title":"","ast-breadcrumbs-content":"","ast-featured-img":"","footer-sml-layout":"","theme-transparent-header-meta":"default","adv-header-id-meta":"","stick-header-meta":"default","header-above-stick-meta":"","header-main-stick-meta":"","header-below-stick-meta":"","astra-migrate-meta-layouts":"set","ast-page-background-enabled":"default","ast-page-background-meta":{"desktop":{"background-color":"","background-image":"","background-repeat":"repeat","background-position":"center center","background-size":"auto","background-attachment":"scroll","background-type":"","background-media":"","overlay-type":"","overlay-color":"","overlay-opacity":"","overlay-gradient":""},"tablet":{"background-color":"","background-image":"","background-repeat":"repeat","background-position":"center center","background-size":"auto","background-attachment":"scroll","background-type":"","background-media":"","overlay-type":"","overlay-color":"","overlay-opacity":"","overlay-gradient":""},"mobile":{"background-color":"","background-image":"","background-repeat":"repeat","background-position":"center center","background-size":"auto","background-attachment":"scroll","background-type":"","background-media":"","overlay-type":"","overlay-color":"","overlay-opacity":"","overlay-gradient":""}},"ast-content-background-meta":{"desktop":{"background-color":"var(--ast-global-color-5)","background-image":"","background-repeat":"repeat","background-position":"center center","background-size":"auto","background-attachment":"scroll","background-type":"","background-media":"","overlay-type":"","overlay-color":"","overlay-opacity":"","overlay-gradient":""},"tablet":{"background-color":"var(--ast-global-color-5)","background-image":"","background-repeat":"repeat","background-position":"center center","background-size":"auto","background-attachment":"scroll","background-type":"","background-media":"","overlay-type":"","overlay-color":"","overlay-opacity":"","overlay-gradient":""},"mobile":{"background-color":"var(--ast-global-color-5)","background-image":"","background-repeat":"repeat","background-position":"center center","background-size":"auto","background-attachment":"scroll","background-type":"","background-media":"","overlay-type":"","overlay-color":"","overlay-opacity":"","overlay-gradient":""}}},"product_brand":[],"product_cat":[50],"product_tag":[],"class_list":{"0":"post-9716","1":"product","2":"type-product","3":"status-publish","4":"has-post-thumbnail","6":"product_cat-robotic","7":"desktop-align-left","8":"tablet-align-left","9":"mobile-align-left","10":"ast-product-gallery-layout-horizontal-slider","11":"ast-product-gallery-with-no-image","12":"ast-product-tabs-layout-horizontal","14":"first","15":"instock","16":"shipping-taxable","17":"product-type-simple"},"_links":{"self":[{"href":"https:\/\/roboticpolishingtech.com\/fr\/wp-json\/wp\/v2\/product\/9716","targetHints":{"allow":["GET"]}}],"collection":[{"href":"https:\/\/roboticpolishingtech.com\/fr\/wp-json\/wp\/v2\/product"}],"about":[{"href":"https:\/\/roboticpolishingtech.com\/fr\/wp-json\/wp\/v2\/types\/product"}],"wp:featuredmedia":[{"embeddable":true,"href":"https:\/\/roboticpolishingtech.com\/fr\/wp-json\/wp\/v2\/media\/9718"}],"wp:attachment":[{"href":"https:\/\/roboticpolishingtech.com\/fr\/wp-json\/wp\/v2\/media?parent=9716"}],"wp:term":[{"taxonomy":"product_brand","embeddable":true,"href":"https:\/\/roboticpolishingtech.com\/fr\/wp-json\/wp\/v2\/product_brand?post=9716"},{"taxonomy":"product_cat","embeddable":true,"href":"https:\/\/roboticpolishingtech.com\/fr\/wp-json\/wp\/v2\/product_cat?post=9716"},{"taxonomy":"product_tag","embeddable":true,"href":"https:\/\/roboticpolishingtech.com\/fr\/wp-json\/wp\/v2\/product_tag?post=9716"}],"curies":[{"name":"wp","href":"https:\/\/api.w.org\/{rel}","templated":true}]}}