{"id":9711,"date":"2026-03-13T05:22:15","date_gmt":"2026-03-13T05:22:15","guid":{"rendered":"https:\/\/roboticpolishingtech.com\/?post_type=product&#038;p=9711"},"modified":"2026-03-18T08:41:55","modified_gmt":"2026-03-18T08:41:55","slug":"compact-robotic-finishing-system","status":"publish","type":"product","link":"https:\/\/roboticpolishingtech.com\/it\/prodotto\/compact-robotic-finishing-system\/","title":{"rendered":"Sistema di finitura robotizzato compatto LRMC-800T"},"content":{"rendered":"<h2>Dettaglio prodotto<\/h2>\n<ul>\n<li>Sicurezza e ambiente: \u00c8 installato il sistema di rimozione delle polveri a cortina d'acqua e il rilevatore di concentrazione di idrogeno. Sono presenti un'intera base in ghisa e una camera indipendente per la protezione.<\/li>\n<li>Automazione della macchina per ridurre il costo della manodopera e migliorare l'efficienza del lavoro: \u00c8 installato il robot Fanuc, con localizzazione visiva 3D o rilevamento visivo 2D delle imperfezioni. Gli operai mettono i pezzi da rettificare sul nastro trasportatore del materiale e poi il robot cattura i pezzi disordinati.<\/li>\n<li>In base alla tecnologia del prodotto del cliente, ha installato la levigatrice a nastro rotante e la vibrofinitrice per la rettifica delle bave dei pezzi in pressofusione di alluminio. Il prodotto \u00e8 finemente lucidato con alta precisione e la qualit\u00e0 della lucidatura \u00e8 stabile.<\/li>\n<li>\u00c8 in grado di molare e lucidare i prodotti in alluminio, zinco, rame, ferro, acciaio inossidabile, per l'industria dei componenti automobilistici, il telaio delle biciclette, le serrature delle porte intelligenti e le lampade per uso domestico.<\/li>\n<\/ul>\n<h2><strong>Parametri tecnici<\/strong><\/h2>\n<p>&nbsp;<\/p>\n<table width=\"100%\">\n<tbody>\n<tr>\n<td width=\"50%\">&nbsp;<\/p>\n<p><strong>Diminuzione dell'attrezzatura<\/strong><\/td>\n<td width=\"50%\">3550*2200*2250 MM<\/td>\n<\/tr>\n<tr>\n<td><strong>Peso totale dell'attrezzatura<\/strong><\/td>\n<td>5500KGS<\/td>\n<\/tr>\n<tr>\n<td><strong>Dimensione del prodotto di colata adatta<\/strong><\/td>\n<td>500*400*200MM<\/td>\n<\/tr>\n<tr>\n<td><strong>Tensione nominale<\/strong><\/td>\n<td>380V<\/td>\n<\/tr>\n<tr>\n<td><strong>Potenza nominale<\/strong><\/td>\n<td>13KW<\/td>\n<\/tr>\n<tr>\n<td><strong>Corrente nominale<\/strong><\/td>\n<td>34A<\/td>\n<\/tr>\n<\/tbody>\n<\/table>\n<h2>Kit opzionali<\/h2>\n<table width=\"509\">\n<tbody>\n<tr>\n<td width=\"234\">Sistema di controllo pneumatico<\/td>\n<td width=\"275\">AIRTAC\/SMC\/Festo<\/td>\n<\/tr>\n<tr>\n<td>Sistema di controllo elettrico<\/td>\n<td>INOVANCE\/SIEMENS<\/td>\n<\/tr>\n<tr>\n<td>Robot industriale<\/td>\n<td>FANUC M-20id12\/ 25\/ 35<\/td>\n<\/tr>\n<tr>\n<td rowspan=\"5\" width=\"234\">Macchine selezionate per la combinazione in base al processo del prodotto.<\/td>\n<td>Levigatrice a nastro rotante<\/td>\n<\/tr>\n<tr>\n<td>Macchina per la macinazione a vibrazione<\/td>\n<\/tr>\n<tr>\n<td>Macchina per il magazzino utensili<\/td>\n<\/tr>\n<tr>\n<td>Macchina per la lucidatura<\/td>\n<\/tr>\n<tr>\n<td>Macchina per la brillantatura a spazzola<\/td>\n<\/tr>\n<\/tbody>\n<\/table>\n<p>&nbsp;<\/p>","protected":false},"excerpt":{"rendered":"<p>Product Detail Safety and Enviroment: It\u2019s installed the water curtain dust removal system and the hydrogen concentration detector. There are whole cast iron base and independent room for protection. Machine Automation to reduce labor cost and improve the working efficiency: It\u2019s installed the fanuc robot , 3D visual localization or 2D visual blemish detection. Workers [&hellip;]<\/p>\n","protected":false},"featured_media":9714,"template":"","meta":{"site-sidebar-layout":"default","site-content-layout":"","ast-site-content-layout":"default","site-content-style":"default","site-sidebar-style":"default","ast-global-header-display":"","ast-banner-title-visibility":"","ast-main-header-display":"","ast-hfb-above-header-display":"","ast-hfb-below-header-display":"","ast-hfb-mobile-header-display":"","site-post-title":"","ast-breadcrumbs-content":"","ast-featured-img":"","footer-sml-layout":"","theme-transparent-header-meta":"default","adv-header-id-meta":"","stick-header-meta":"default","header-above-stick-meta":"","header-main-stick-meta":"","header-below-stick-meta":"","astra-migrate-meta-layouts":"set","ast-page-background-enabled":"default","ast-page-background-meta":{"desktop":{"background-color":"","background-image":"","background-repeat":"repeat","background-position":"center center","background-size":"auto","background-attachment":"scroll","background-type":"","background-media":"","overlay-type":"","overlay-color":"","overlay-opacity":"","overlay-gradient":""},"tablet":{"background-color":"","background-image":"","background-repeat":"repeat","background-position":"center center","background-size":"auto","background-attachment":"scroll","background-type":"","background-media":"","overlay-type":"","overlay-color":"","overlay-opacity":"","overlay-gradient":""},"mobile":{"background-color":"","background-image":"","background-repeat":"repeat","background-position":"center center","background-size":"auto","background-attachment":"scroll","background-type":"","background-media":"","overlay-type":"","overlay-color":"","overlay-opacity":"","overlay-gradient":""}},"ast-content-background-meta":{"desktop":{"background-color":"var(--ast-global-color-5)","background-image":"","background-repeat":"repeat","background-position":"center center","background-size":"auto","background-attachment":"scroll","background-type":"","background-media":"","overlay-type":"","overlay-color":"","overlay-opacity":"","overlay-gradient":""},"tablet":{"background-color":"var(--ast-global-color-5)","background-image":"","background-repeat":"repeat","background-position":"center center","background-size":"auto","background-attachment":"scroll","background-type":"","background-media":"","overlay-type":"","overlay-color":"","overlay-opacity":"","overlay-gradient":""},"mobile":{"background-color":"var(--ast-global-color-5)","background-image":"","background-repeat":"repeat","background-position":"center center","background-size":"auto","background-attachment":"scroll","background-type":"","background-media":"","overlay-type":"","overlay-color":"","overlay-opacity":"","overlay-gradient":""}}},"product_brand":[],"product_cat":[50],"product_tag":[],"class_list":{"0":"post-9711","1":"product","2":"type-product","3":"status-publish","4":"has-post-thumbnail","6":"product_cat-robotic","7":"desktop-align-left","8":"tablet-align-left","9":"mobile-align-left","10":"ast-product-gallery-layout-horizontal-slider","11":"ast-product-gallery-with-no-image","12":"ast-product-tabs-layout-horizontal","14":"first","15":"instock","16":"shipping-taxable","17":"product-type-simple"},"_links":{"self":[{"href":"https:\/\/roboticpolishingtech.com\/it\/wp-json\/wp\/v2\/product\/9711","targetHints":{"allow":["GET"]}}],"collection":[{"href":"https:\/\/roboticpolishingtech.com\/it\/wp-json\/wp\/v2\/product"}],"about":[{"href":"https:\/\/roboticpolishingtech.com\/it\/wp-json\/wp\/v2\/types\/product"}],"wp:featuredmedia":[{"embeddable":true,"href":"https:\/\/roboticpolishingtech.com\/it\/wp-json\/wp\/v2\/media\/9714"}],"wp:attachment":[{"href":"https:\/\/roboticpolishingtech.com\/it\/wp-json\/wp\/v2\/media?parent=9711"}],"wp:term":[{"taxonomy":"product_brand","embeddable":true,"href":"https:\/\/roboticpolishingtech.com\/it\/wp-json\/wp\/v2\/product_brand?post=9711"},{"taxonomy":"product_cat","embeddable":true,"href":"https:\/\/roboticpolishingtech.com\/it\/wp-json\/wp\/v2\/product_cat?post=9711"},{"taxonomy":"product_tag","embeddable":true,"href":"https:\/\/roboticpolishingtech.com\/it\/wp-json\/wp\/v2\/product_tag?post=9711"}],"curies":[{"name":"wp","href":"https:\/\/api.w.org\/{rel}","templated":true}]}}